{"id":9889,"date":"2025-02-08T12:45:13","date_gmt":"2025-02-08T11:45:13","guid":{"rendered":"https:\/\/dumbyart.com\/?post_type=product&#038;p=9889"},"modified":"2025-05-09T13:26:27","modified_gmt":"2025-05-09T11:26:27","slug":"027-black-fish-poster-qualite-musee-en-papier-mat","status":"publish","type":"product","link":"https:\/\/dumbyart.com\/en\/product\/027-black-fish-poster-qualite-musee-en-papier-mat\/","title":{"rendered":"027 BLACK FISH &#8211; Poster qualit\u00e9 mus\u00e9e en papier mat"},"content":{"rendered":"<p>Notre papier pour archive qualit\u00e9 mus\u00e9e blanc cass\u00e9 non couch\u00e9, \u00e9dition du ma\u00eetre, constitue le meilleur choix pour les amateurs d&rsquo;art qui appr\u00e9cient la qualit\u00e9 de classe mondiale pour profiter d&rsquo;\u0153uvres d&rsquo;art de la mani\u00e8re la plus luxueuse.<\/p>\n<p><span style=\"color: #ffd300;\">Our Master&rsquo;s Edition archival paper, in off-white and uncoated, offers museum-quality for art enthusiasts seeking a luxurious way to enjoy world-class artworks.<\/span><\/p>","protected":false},"excerpt":{"rendered":"<p><a href=\"https:\/\/dumbyart.com\/en\/product-category\/affiches-qualite-encadrees\/page\/2\/\"><img decoding=\"async\" class=\"wp-image-11196 alignright lazyload\" data-src=\"https:\/\/dumbyart.com\/wp-content\/uploads\/2025\/03\/BACK.png\" alt=\"\" width=\"99\" height=\"33\" src=\"data:image\/svg+xml;base64,PHN2ZyB3aWR0aD0iMSIgaGVpZ2h0PSIxIiB4bWxucz0iaHR0cDovL3d3dy53My5vcmcvMjAwMC9zdmciPjwvc3ZnPg==\" style=\"--smush-placeholder-width: 99px; --smush-placeholder-aspect-ratio: 99\/33;\" \/><\/a><\/p>","protected":false},"featured_media":9888,"comment_status":"open","ping_status":"closed","template":"","meta":[],"product_brand":[],"product_cat":[76,73,79],"product_tag":[],"class_list":{"0":"post-9889","1":"product","2":"type-product","3":"status-publish","4":"has-post-thumbnail","6":"product_cat-affiches-qualite-encadrees","7":"product_cat-all-dumby-art","8":"product_cat-all-products-blacky-food","9":"pif-has-gallery","11":"first","12":"instock","13":"taxable","14":"shipping-taxable","15":"purchasable","16":"product-type-variable"},"_links":{"self":[{"href":"https:\/\/dumbyart.com\/en\/wp-json\/wp\/v2\/product\/9889","targetHints":{"allow":["GET"]}}],"collection":[{"href":"https:\/\/dumbyart.com\/en\/wp-json\/wp\/v2\/product"}],"about":[{"href":"https:\/\/dumbyart.com\/en\/wp-json\/wp\/v2\/types\/product"}],"replies":[{"embeddable":true,"href":"https:\/\/dumbyart.com\/en\/wp-json\/wp\/v2\/comments?post=9889"}],"wp:featuredmedia":[{"embeddable":true,"href":"https:\/\/dumbyart.com\/en\/wp-json\/wp\/v2\/media\/9888"}],"wp:attachment":[{"href":"https:\/\/dumbyart.com\/en\/wp-json\/wp\/v2\/media?parent=9889"}],"wp:term":[{"taxonomy":"product_brand","embeddable":true,"href":"https:\/\/dumbyart.com\/en\/wp-json\/wp\/v2\/product_brand?post=9889"},{"taxonomy":"product_cat","embeddable":true,"href":"https:\/\/dumbyart.com\/en\/wp-json\/wp\/v2\/product_cat?post=9889"},{"taxonomy":"product_tag","embeddable":true,"href":"https:\/\/dumbyart.com\/en\/wp-json\/wp\/v2\/product_tag?post=9889"}],"curies":[{"name":"wp","href":"https:\/\/api.w.org\/{rel}","templated":true}]}}