{"id":9779,"date":"2025-01-31T10:50:00","date_gmt":"2025-01-31T09:50:00","guid":{"rendered":"https:\/\/dumbyart.com\/?post_type=product&#038;p=9779"},"modified":"2025-05-09T13:17:58","modified_gmt":"2025-05-09T11:17:58","slug":"017-black-farfalle-tableau-plexiglas","status":"publish","type":"product","link":"https:\/\/dumbyart.com\/en\/product\/017-black-farfalle-tableau-plexiglas\/","title":{"rendered":"017 BLACK FARFALLE &#8211; Tableau plexiglas"},"content":{"rendered":"<p>Les tableaux plexiglas ajoutent de la profondeur et de l&rsquo;impact \u00e0 toutes les \u0153uvres d&rsquo;art. Fabriqu\u00e9s pour durer et garantis pour ajouter un \u00e9l\u00e9ment de sophistication \u00e0 n&rsquo;importe quel espace, ils sont l\u00e9gers, incassables et r\u00e9sistants \u00e0 la temp\u00e9rature, ce qui les rend faciles \u00e0 monter sur les murs. Ces tableaux sont fabriqu\u00e9s \u00e0 partir de mat\u00e9riaux de haute qualit\u00e9 et peuvent maintenir leurs couleurs vives et leurs d\u00e9tails nets pendant des ann\u00e9es.<\/p>","protected":false},"excerpt":{"rendered":"<p><a href=\"https:\/\/dumbyart.com\/en\/product-category\/affiches-qualite-encadrees\/\"><img decoding=\"async\" class=\"wp-image-11196 alignright lazyload\" data-src=\"https:\/\/dumbyart.com\/wp-content\/uploads\/2025\/03\/BACK.png\" alt=\"\" width=\"99\" height=\"33\" src=\"data:image\/svg+xml;base64,PHN2ZyB3aWR0aD0iMSIgaGVpZ2h0PSIxIiB4bWxucz0iaHR0cDovL3d3dy53My5vcmcvMjAwMC9zdmciPjwvc3ZnPg==\" style=\"--smush-placeholder-width: 99px; --smush-placeholder-aspect-ratio: 99\/33;\" \/><\/a><\/p>","protected":false},"featured_media":9788,"comment_status":"open","ping_status":"closed","template":"","meta":[],"product_brand":[],"product_cat":[76,73,79],"product_tag":[],"class_list":{"0":"post-9779","1":"product","2":"type-product","3":"status-publish","4":"has-post-thumbnail","6":"product_cat-affiches-qualite-encadrees","7":"product_cat-all-dumby-art","8":"product_cat-all-products-blacky-food","9":"pif-has-gallery","11":"first","12":"instock","13":"taxable","14":"shipping-taxable","15":"purchasable","16":"product-type-variable"},"_links":{"self":[{"href":"https:\/\/dumbyart.com\/en\/wp-json\/wp\/v2\/product\/9779","targetHints":{"allow":["GET"]}}],"collection":[{"href":"https:\/\/dumbyart.com\/en\/wp-json\/wp\/v2\/product"}],"about":[{"href":"https:\/\/dumbyart.com\/en\/wp-json\/wp\/v2\/types\/product"}],"replies":[{"embeddable":true,"href":"https:\/\/dumbyart.com\/en\/wp-json\/wp\/v2\/comments?post=9779"}],"wp:featuredmedia":[{"embeddable":true,"href":"https:\/\/dumbyart.com\/en\/wp-json\/wp\/v2\/media\/9788"}],"wp:attachment":[{"href":"https:\/\/dumbyart.com\/en\/wp-json\/wp\/v2\/media?parent=9779"}],"wp:term":[{"taxonomy":"product_brand","embeddable":true,"href":"https:\/\/dumbyart.com\/en\/wp-json\/wp\/v2\/product_brand?post=9779"},{"taxonomy":"product_cat","embeddable":true,"href":"https:\/\/dumbyart.com\/en\/wp-json\/wp\/v2\/product_cat?post=9779"},{"taxonomy":"product_tag","embeddable":true,"href":"https:\/\/dumbyart.com\/en\/wp-json\/wp\/v2\/product_tag?post=9779"}],"curies":[{"name":"wp","href":"https:\/\/api.w.org\/{rel}","templated":true}]}}