{"id":9370,"date":"2024-08-06T04:49:29","date_gmt":"2024-08-06T02:49:29","guid":{"rendered":"https:\/\/dumbyart.com\/?post_type=product&#038;p=9370"},"modified":"2026-03-28T22:01:48","modified_gmt":"2026-03-28T21:01:48","slug":"blacky-food-farfalle-museum-quality-matte-paper-metal-framed-poster","status":"publish","type":"product","link":"https:\/\/dumbyart.com\/en\/product\/blacky-food-farfalle-museum-quality-matte-paper-metal-framed-poster\/","title":{"rendered":"006 BLACK FARFALLE : Poster Qualit\u00e9 Mus\u00e9e Encadr\u00e9 M\u00e9tal"},"content":{"rendered":"<p>Notre cadre en aluminium durable et \u00e9l\u00e9gant se distingue par sa finition polie. Le poster est r\u00e9alis\u00e9 sur du papier pour archive qualit\u00e9 mus\u00e9e blanc cass\u00e9 non couch\u00e9, \u00e9dition du ma\u00eetre. Un choix parfait pour les amateurs d&rsquo;art qui appr\u00e9cient la qualit\u00e9 de classe mondiale pour profiter d&rsquo;\u0153uvres d&rsquo;art de la mani\u00e8re la plus luxueuse.<\/p>\n<p><span style=\"color: #ffd335;\"><i>Our durable and sleek aluminum frame stands out with a polished finish. The poster is made on our master&rsquo;s edition, archival museum-quality paper. It is off-white, uncoated, and the superior choice for art enthusiasts who appreciate world-class quality to enjoy artworks most luxuriously.<\/i><\/span><\/p>\n<p>Bien que le poster et le cadre soient emball\u00e9s s\u00e9par\u00e9ment dans une m\u00eame bo\u00eete, le destinataire final doit proc\u00e9der \u00e0 l&rsquo;assemblage final. Ne t&rsquo;inqui\u00e8te pas ! C&rsquo;est un jeu d&rsquo;enfant. Aucune expertise n&rsquo;est requise, et le mat\u00e9riel de suspension est inclus.<\/p>\n<p><span style=\"color: #ffd335;\"><i>While the poster and frame are packed separately in one box, final assembly is required by the end recipient. Don\u2019t worry; it&rsquo;s a snap to put them together &#8211; no expertise is required, and the hanging hardware is included.<\/i><\/span><i><\/i><\/p>","protected":false},"excerpt":{"rendered":"<p><a href=\"https:\/\/dumbyart.com\/en\/product-category\/affiches-qualite-encadrees\/\"><img decoding=\"async\" class=\"wp-image-11196 alignright lazyload\" data-src=\"https:\/\/dumbyart.com\/wp-content\/uploads\/2025\/03\/BACK.png\" alt=\"\" width=\"99\" height=\"33\" src=\"data:image\/svg+xml;base64,PHN2ZyB3aWR0aD0iMSIgaGVpZ2h0PSIxIiB4bWxucz0iaHR0cDovL3d3dy53My5vcmcvMjAwMC9zdmciPjwvc3ZnPg==\" style=\"--smush-placeholder-width: 99px; --smush-placeholder-aspect-ratio: 99\/33;\" \/><\/a><i><\/i><\/p>","protected":false},"featured_media":9712,"comment_status":"open","ping_status":"closed","template":"","meta":[],"product_brand":[],"product_cat":[76,73,79],"product_tag":[],"class_list":{"0":"post-9370","1":"product","2":"type-product","3":"status-publish","4":"has-post-thumbnail","6":"product_cat-affiches-qualite-encadrees","7":"product_cat-all-dumby-art","8":"product_cat-all-products-blacky-food","9":"pif-has-gallery","11":"first","12":"instock","13":"taxable","14":"shipping-taxable","15":"purchasable","16":"product-type-variable"},"_links":{"self":[{"href":"https:\/\/dumbyart.com\/en\/wp-json\/wp\/v2\/product\/9370","targetHints":{"allow":["GET"]}}],"collection":[{"href":"https:\/\/dumbyart.com\/en\/wp-json\/wp\/v2\/product"}],"about":[{"href":"https:\/\/dumbyart.com\/en\/wp-json\/wp\/v2\/types\/product"}],"replies":[{"embeddable":true,"href":"https:\/\/dumbyart.com\/en\/wp-json\/wp\/v2\/comments?post=9370"}],"wp:featuredmedia":[{"embeddable":true,"href":"https:\/\/dumbyart.com\/en\/wp-json\/wp\/v2\/media\/9712"}],"wp:attachment":[{"href":"https:\/\/dumbyart.com\/en\/wp-json\/wp\/v2\/media?parent=9370"}],"wp:term":[{"taxonomy":"product_brand","embeddable":true,"href":"https:\/\/dumbyart.com\/en\/wp-json\/wp\/v2\/product_brand?post=9370"},{"taxonomy":"product_cat","embeddable":true,"href":"https:\/\/dumbyart.com\/en\/wp-json\/wp\/v2\/product_cat?post=9370"},{"taxonomy":"product_tag","embeddable":true,"href":"https:\/\/dumbyart.com\/en\/wp-json\/wp\/v2\/product_tag?post=9370"}],"curies":[{"name":"wp","href":"https:\/\/api.w.org\/{rel}","templated":true}]}}