{"id":11015,"date":"2025-03-17T08:11:55","date_gmt":"2025-03-17T07:11:55","guid":{"rendered":"https:\/\/dumbyart.com\/?post_type=product&#038;p=11015"},"modified":"2025-10-17T06:11:34","modified_gmt":"2025-10-17T04:11:34","slug":"044-spacy-eyes-sweat-a-capuche-unisexe-classique","status":"publish","type":"product","link":"https:\/\/dumbyart.com\/en\/product\/044-spacy-eyes-sweat-a-capuche-unisexe-classique\/","title":{"rendered":"044 SPACY EYES (Sweat \u00e0 capuche unisexe)"},"content":{"rendered":"<ul>\n<li>Un sweat \u00e0 capuche \u00e9pais, fabriqu\u00e9 \u00e0 partir d&rsquo;un doux m\u00e9lange 50% coton et 50% polyester.<\/li>\n<li>Dot\u00e9 d&rsquo;une capuche doubl\u00e9e avec cordon de serrage assorti.<\/li>\n<li>La filature \u00e0 jet d&rsquo;air du tissu offre une sensation de douceur et r\u00e9duit le boulochage.<\/li>\n<li>Comprend une poche ventrale, des poignets en tricot c\u00f4tel\u00e9 et une ceinture mont\u00e9e en \u00e9lasthanne.<\/li>\n<\/ul>","protected":false},"excerpt":{"rendered":"<p><a href=\"https:\/\/dumbyart.com\/en\/product-category\/t-shirt-sweat\/page\/3\/\"><img decoding=\"async\" class=\"wp-image-11196 alignright lazyload\" data-src=\"https:\/\/dumbyart.com\/wp-content\/uploads\/2025\/03\/BACK.png\" alt=\"\" width=\"99\" height=\"33\" src=\"data:image\/svg+xml;base64,PHN2ZyB3aWR0aD0iMSIgaGVpZ2h0PSIxIiB4bWxucz0iaHR0cDovL3d3dy53My5vcmcvMjAwMC9zdmciPjwvc3ZnPg==\" style=\"--smush-placeholder-width: 99px; --smush-placeholder-aspect-ratio: 99\/33;\" \/><\/a><\/p>","protected":false},"featured_media":11126,"comment_status":"open","ping_status":"closed","template":"","meta":[],"product_brand":[],"product_cat":[73,77,87,93,89],"product_tag":[],"class_list":{"0":"post-11015","1":"product","2":"type-product","3":"status-publish","4":"has-post-thumbnail","6":"product_cat-all-dumby-art","7":"product_cat-all-products-spacy-eyes","8":"product_cat-sweat","9":"product_cat-sweat-spacy-eyes","10":"product_cat-t-shirt-sweat","11":"pif-has-gallery","13":"first","14":"instock","15":"taxable","16":"shipping-taxable","17":"purchasable","18":"product-type-variable"},"_links":{"self":[{"href":"https:\/\/dumbyart.com\/en\/wp-json\/wp\/v2\/product\/11015","targetHints":{"allow":["GET"]}}],"collection":[{"href":"https:\/\/dumbyart.com\/en\/wp-json\/wp\/v2\/product"}],"about":[{"href":"https:\/\/dumbyart.com\/en\/wp-json\/wp\/v2\/types\/product"}],"replies":[{"embeddable":true,"href":"https:\/\/dumbyart.com\/en\/wp-json\/wp\/v2\/comments?post=11015"}],"wp:featuredmedia":[{"embeddable":true,"href":"https:\/\/dumbyart.com\/en\/wp-json\/wp\/v2\/media\/11126"}],"wp:attachment":[{"href":"https:\/\/dumbyart.com\/en\/wp-json\/wp\/v2\/media?parent=11015"}],"wp:term":[{"taxonomy":"product_brand","embeddable":true,"href":"https:\/\/dumbyart.com\/en\/wp-json\/wp\/v2\/product_brand?post=11015"},{"taxonomy":"product_cat","embeddable":true,"href":"https:\/\/dumbyart.com\/en\/wp-json\/wp\/v2\/product_cat?post=11015"},{"taxonomy":"product_tag","embeddable":true,"href":"https:\/\/dumbyart.com\/en\/wp-json\/wp\/v2\/product_tag?post=11015"}],"curies":[{"name":"wp","href":"https:\/\/api.w.org\/{rel}","templated":true}]}}