{"id":10780,"date":"2025-03-12T08:16:57","date_gmt":"2025-03-12T07:16:57","guid":{"rendered":"https:\/\/dumbyart.com\/?post_type=product&#038;p=10780"},"modified":"2025-05-09T12:40:38","modified_gmt":"2025-05-09T10:40:38","slug":"1-blacky-food-poulpe-t-shirt-unisexe-classique-ras-du-cou","status":"publish","type":"product","link":"https:\/\/dumbyart.com\/en\/product\/1-blacky-food-poulpe-t-shirt-unisexe-classique-ras-du-cou\/","title":{"rendered":"001 BLACKY FOOD Poulpe (T-shirt unisexe)"},"content":{"rendered":"<p>Ce t-shirt, r\u00e9put\u00e9 pour sa douceur au toucher.<\/p>\n<ul>\n<li>Fabriqu\u00e9 \u00e0 partir de 100 % coton fil\u00e9 \u00e0 anneaux pr\u00e9-r\u00e9tr\u00e9ci.<\/li>\n<li>Dot\u00e9 d&rsquo;un col sans couture aiguille double avec haute densit\u00e9 de points.<\/li>\n<li>Coupe tubulaire pour une torsion minimale.<\/li>\n<\/ul>\n<div>\n<p><span style=\"color: #ffd321;\"><i>This t-shirt is renowned for its soft feel and sturdy construction.<\/i><\/span><\/p>\n<ul>\n<li><span style=\"color: #ffd321;\"><i>Crafted from 100% preshrunk ringspun cotton.<\/i><\/span><\/li>\n<li><span style=\"color: #ffd321;\"><i>Offers a seamless double-needle collar with high stitch density.<\/i><\/span><\/li>\n<li><span style=\"color: #ffd321;\"><i>Tubular fit to minimize torque.<\/i><\/span><\/li>\n<\/ul>\n<\/div>","protected":false},"excerpt":{"rendered":"<p><a href=\"https:\/\/dumbyart.com\/en\/product-category\/t-shirt-sweat\/\"><img decoding=\"async\" class=\"wp-image-11196 alignright lazyload\" data-src=\"https:\/\/dumbyart.com\/wp-content\/uploads\/2025\/03\/BACK.png\" alt=\"\" width=\"99\" height=\"33\" src=\"data:image\/svg+xml;base64,PHN2ZyB3aWR0aD0iMSIgaGVpZ2h0PSIxIiB4bWxucz0iaHR0cDovL3d3dy53My5vcmcvMjAwMC9zdmciPjwvc3ZnPg==\" style=\"--smush-placeholder-width: 99px; --smush-placeholder-aspect-ratio: 99\/33;\" \/><\/a><\/p>","protected":false},"featured_media":10779,"comment_status":"open","ping_status":"closed","template":"","meta":[],"product_brand":[],"product_cat":[73,79,85,89,91],"product_tag":[],"class_list":{"0":"post-10780","1":"product","2":"type-product","3":"status-publish","4":"has-post-thumbnail","6":"product_cat-all-dumby-art","7":"product_cat-all-products-blacky-food","8":"product_cat-t-shirt","9":"product_cat-t-shirt-sweat","10":"product_cat-t-shirt-blacky-food","11":"pif-has-gallery","13":"first","14":"instock","15":"taxable","16":"shipping-taxable","17":"purchasable","18":"product-type-variable"},"_links":{"self":[{"href":"https:\/\/dumbyart.com\/en\/wp-json\/wp\/v2\/product\/10780","targetHints":{"allow":["GET"]}}],"collection":[{"href":"https:\/\/dumbyart.com\/en\/wp-json\/wp\/v2\/product"}],"about":[{"href":"https:\/\/dumbyart.com\/en\/wp-json\/wp\/v2\/types\/product"}],"replies":[{"embeddable":true,"href":"https:\/\/dumbyart.com\/en\/wp-json\/wp\/v2\/comments?post=10780"}],"wp:featuredmedia":[{"embeddable":true,"href":"https:\/\/dumbyart.com\/en\/wp-json\/wp\/v2\/media\/10779"}],"wp:attachment":[{"href":"https:\/\/dumbyart.com\/en\/wp-json\/wp\/v2\/media?parent=10780"}],"wp:term":[{"taxonomy":"product_brand","embeddable":true,"href":"https:\/\/dumbyart.com\/en\/wp-json\/wp\/v2\/product_brand?post=10780"},{"taxonomy":"product_cat","embeddable":true,"href":"https:\/\/dumbyart.com\/en\/wp-json\/wp\/v2\/product_cat?post=10780"},{"taxonomy":"product_tag","embeddable":true,"href":"https:\/\/dumbyart.com\/en\/wp-json\/wp\/v2\/product_tag?post=10780"}],"curies":[{"name":"wp","href":"https:\/\/api.w.org\/{rel}","templated":true}]}}