{"id":10248,"date":"2025-02-17T13:58:39","date_gmt":"2025-02-17T12:58:39","guid":{"rendered":"https:\/\/dumbyart.com\/product\/mug-en-ceramique-325-ml-11-oz\/"},"modified":"2025-03-25T05:46:44","modified_gmt":"2025-03-25T04:46:44","slug":"mug-en-ceramique-325-ml-11-oz","status":"publish","type":"product","link":"https:\/\/dumbyart.com\/en\/product\/mug-en-ceramique-325-ml-11-oz\/","title":{"rendered":"Mug 01 SPACY EYES avec 2 visuels diff\u00e9rents recto-verso"},"content":{"rendered":"<div>\n<p>Ce magnifique mug en c\u00e9ramique est parfait pour tous les \u00e9v\u00e9nements de la journ\u00e9e : un caf\u00e9 du matin, un chocolat chaud, ou toute autre boisson chaude que tu appr\u00e9cies. Le mug est d&rsquo;un blanc brillant avec un bord, un int\u00e9rieur et une poign\u00e9e color\u00e9s. Les impressions ressortent magnifiquement avec des couleurs vives. L&rsquo;impression conserve sa qualit\u00e9 et son \u00e9clat m\u00eame apr\u00e8s l&rsquo;utilisation au micro-ondes et au lave-vaisselle.<\/p>\n<p>&#8211; Mug en c\u00e9ramique 325 ml (11 oz)<\/p>\n<p>&#8211; Peut \u00eatre mis au micro-ondes<\/p>\n<p>&#8211; Bord, int\u00e9rieur et poign\u00e9e color\u00e9s<\/p>\n<p>&#8211; Zone d&rsquo;impression blanche<\/p>\n<\/div>","protected":false},"excerpt":{"rendered":"<p><a href=\"https:\/\/dumbyart.com\/en\/product-category\/mug\/\"><img decoding=\"async\" class=\"wp-image-11196 alignright lazyload\" data-src=\"https:\/\/dumbyart.com\/wp-content\/uploads\/2025\/03\/BACK.png\" alt=\"\" width=\"99\" height=\"33\" src=\"data:image\/svg+xml;base64,PHN2ZyB3aWR0aD0iMSIgaGVpZ2h0PSIxIiB4bWxucz0iaHR0cDovL3d3dy53My5vcmcvMjAwMC9zdmciPjwvc3ZnPg==\" style=\"--smush-placeholder-width: 99px; --smush-placeholder-aspect-ratio: 99\/33;\" \/><\/a><\/p>","protected":false},"featured_media":10247,"comment_status":"open","ping_status":"closed","template":"","meta":[],"product_brand":[],"product_cat":[77,84,83],"product_tag":[],"class_list":{"0":"post-10248","1":"product","2":"type-product","3":"status-publish","4":"has-post-thumbnail","6":"product_cat-all-products-spacy-eyes","7":"product_cat-mug","8":"product_cat-mug-spacy-eyes","9":"pif-has-gallery","11":"first","12":"instock","13":"taxable","14":"shipping-taxable","15":"purchasable","16":"product-type-variable"},"_links":{"self":[{"href":"https:\/\/dumbyart.com\/en\/wp-json\/wp\/v2\/product\/10248","targetHints":{"allow":["GET"]}}],"collection":[{"href":"https:\/\/dumbyart.com\/en\/wp-json\/wp\/v2\/product"}],"about":[{"href":"https:\/\/dumbyart.com\/en\/wp-json\/wp\/v2\/types\/product"}],"replies":[{"embeddable":true,"href":"https:\/\/dumbyart.com\/en\/wp-json\/wp\/v2\/comments?post=10248"}],"wp:featuredmedia":[{"embeddable":true,"href":"https:\/\/dumbyart.com\/en\/wp-json\/wp\/v2\/media\/10247"}],"wp:attachment":[{"href":"https:\/\/dumbyart.com\/en\/wp-json\/wp\/v2\/media?parent=10248"}],"wp:term":[{"taxonomy":"product_brand","embeddable":true,"href":"https:\/\/dumbyart.com\/en\/wp-json\/wp\/v2\/product_brand?post=10248"},{"taxonomy":"product_cat","embeddable":true,"href":"https:\/\/dumbyart.com\/en\/wp-json\/wp\/v2\/product_cat?post=10248"},{"taxonomy":"product_tag","embeddable":true,"href":"https:\/\/dumbyart.com\/en\/wp-json\/wp\/v2\/product_tag?post=10248"}],"curies":[{"name":"wp","href":"https:\/\/api.w.org\/{rel}","templated":true}]}}