{"id":8097,"date":"2025-02-19T17:17:57","date_gmt":"2025-02-19T16:17:57","guid":{"rendered":"http:\/\/dumbyart.com\/?page_id=8097"},"modified":"2025-02-22T09:46:50","modified_gmt":"2025-02-22T08:46:50","slug":"about-us","status":"publish","type":"page","link":"https:\/\/dumbyart.com\/en\/about-us\/","title":{"rendered":"Who we are"},"content":{"rendered":"<div data-elementor-type=\"wp-page\" data-elementor-id=\"8097\" class=\"elementor elementor-8097\">\n\t\t\t\t<div class=\"elementor-element elementor-element-3e308d18 e-flex e-con-boxed e-con e-parent\" data-id=\"3e308d18\" data-element_type=\"container\" data-e-type=\"container\">\n\t\t\t\t\t<div class=\"e-con-inner\">\n\t\t\t\t<div class=\"elementor-element elementor-element-18c3e23 elementor-widget elementor-widget-image\" data-id=\"18c3e23\" data-element_type=\"widget\" data-e-type=\"widget\" data-widget_type=\"image.default\">\n\t\t\t\t<div class=\"elementor-widget-container\">\n\t\t\t\t\t\t\t\t\t\t\t\t\t\t\t<img fetchpriority=\"high\" decoding=\"async\" width=\"1024\" height=\"589\" src=\"https:\/\/dumbyart.com\/wp-content\/uploads\/2025\/02\/ABOUT-US-1024x589.jpg\" class=\"attachment-large size-large wp-image-10502\" alt=\"\" srcset=\"https:\/\/dumbyart.com\/wp-content\/uploads\/2025\/02\/ABOUT-US-1024x589.jpg 1024w, https:\/\/dumbyart.com\/wp-content\/uploads\/2025\/02\/ABOUT-US-300x173.jpg 300w, https:\/\/dumbyart.com\/wp-content\/uploads\/2025\/02\/ABOUT-US-768x442.jpg 768w, https:\/\/dumbyart.com\/wp-content\/uploads\/2025\/02\/ABOUT-US-500x288.jpg 500w, https:\/\/dumbyart.com\/wp-content\/uploads\/2025\/02\/ABOUT-US.jpg 1500w\" sizes=\"(max-width: 1024px) 100vw, 1024px\" \/>\t\t\t\t\t\t\t\t\t\t\t\t\t\t\t<\/div>\n\t\t\t\t<\/div>\n\t\t\t\t<div class=\"elementor-element elementor-element-1e400fcd elementor-widget elementor-widget-text-editor\" data-id=\"1e400fcd\" data-element_type=\"widget\" data-e-type=\"widget\" data-widget_type=\"text-editor.default\">\n\t\t\t\t<div class=\"elementor-widget-container\">\n\t\t\t\t\t\t\t\t\t<div class=\"WordSection1\"><p class=\"p1\" style=\"text-align: left;\" align=\"center\"><span class=\"s1\" style=\"color: #000000;\"><b><span style=\"font-size: 14.0pt;\">Who we are ?<\/span><\/b><\/span><\/p><p class=\"p3\"><span class=\"s2\">At <\/span><span class=\"s3\" style=\"color: #ffd300;\">DUMBYART<\/span><span class=\"s2\">, we believe that creation is much more than just an expression: it is a way of seeing the world differently, with humour, love and a good dose of freedom. <\/span><span class=\"s2\">Behind this project, there is <\/span><span class=\"s3\">Two enthusiasts<\/span><span class=\"s2\">, driven by the desire to share a unique and offbeat artistic vision. Each design, each photograph tells a story, an emotion, a nod to life. We draw our inspiration from the small absurdities of everyday life, the great bursts of laughter and the moments of poetry that run through our days.<\/span><\/p><p class=\"p3\"><span class=\"s2\">\u00a0<\/span><\/p><h4 style=\"text-align: left;\"><span style=\"color: #ffd300;\"><b>OUR MISSION:<\/b><\/span><\/h4><p class=\"p3\" style=\"text-align: left;\"><span class=\"s2\">Offering you creations <\/span><span class=\"s3\">original and exclusive<\/span><span class=\"s2\">, available on <\/span><span class=\"s3\">Shirts<\/span><span class=\"s2\">some <\/span><span class=\"s3\">mugs<\/span><span class=\"s2\"> and <\/span><span class=\"s3\">Photos<\/span><span class=\"s2\">. Everyday objects that become supports of expression for those who, like us, like to get off the beaten track.<\/span><\/p><p class=\"p3\" style=\"text-align: left;\"><span class=\"s2\">Each piece we offer is designed with <\/span><span class=\"s3\">authenticity<\/span><span class=\"s2\"> and a hint of irreverence, for those who want to display their personality without compromise.<\/span><\/p><p class=\"p3\" style=\"text-align: left;\"><span class=\"s2\">\u00a0<\/span><\/p><h4 style=\"text-align: left;\"><span style=\"color: #ffd300;\"><b>OUR VALUES:<\/b><\/span><\/h4><p class=\"p2\" style=\"text-align: left;\">\u2022<b> Free creation: <\/b>No limits to the imagination, each work is a playground.<\/p><p class=\"p2\" style=\"text-align: left;\"><b>\u2022Originality: <\/b>Unique designs, far from standardised productions.<\/p><p class=\"p2\" style=\"text-align: left;\"><b>\u2022Universality: <\/b>A visual language that speaks to everyone, across borders and generations.<\/p><p class=\"p2\" style=\"text-align: left;\"><b>\u2022 Humor &amp; Love: <\/b>Because a shared smile makes life more beautiful.<\/p><p class=\"p2\" style=\"text-align: left;\"><b>\u2022 Eco-responsible commitment: <\/b>Because creativity can also rhyme with respect for the environment.<\/p><h4>\u00a0<\/h4><h4 style=\"text-align: left;\"><span style=\"color: #ffd300;\"><b>A RESPONSIBLE APPROACH:<\/b><\/span><\/h4><p class=\"p2\" style=\"text-align: left;\">We chose to collaborate with Gelato, a print-on-demand platform that allows for local production and fast delivery with a low carbon footprint. Thanks to a network of carefully selected partners who are subject to regular checks, we guarantee optimal quality while reducing the environmental impact of our creations.\u00a0<span style=\"font-size: 14px; font-family: var( --e-global-typography-text-font-family ), Sans-serif; font-weight: var( --e-global-typography-text-font-weight );\">By opting for an on-demand production model, we avoid waste and unnecessary inventory, while offering you a diverse range of customized products.<\/span><\/p><p class=\"p2\" style=\"text-align: left;\"><span style=\"color: #ffd300;\">DUMBYART<\/span>, is the art of creating with passion, while respecting the planet.<\/p><p class=\"p3\" style=\"text-align: left;\"><span class=\"s2\">Join us on this artistic adventure, where each creation is an invitation to see the world from another perspective \u2013 <\/span><span class=\"s3\">yours<\/span><span class=\"s2\">.<\/span><\/p><p>\u00a0<\/p><h4 style=\"text-align: left;\"><strong><span style=\"color: #ffd300;\"><span class=\"s2\">Welcome to <\/span><span class=\"s3\">DUMBYART<\/span><span class=\"s2\">.<\/span><\/span><\/strong><\/h4><\/div>\t\t\t\t\t\t\t\t<\/div>\n\t\t\t\t<\/div>\n\t\t\t\t\t<\/div>\n\t\t\t\t<\/div>\n\t\t<div class=\"elementor-element elementor-element-72b174c e-flex e-con-boxed e-con e-parent\" data-id=\"72b174c\" data-element_type=\"container\" data-e-type=\"container\">\n\t\t\t\t\t<div class=\"e-con-inner\">\n\t\t\t\t<div class=\"elementor-element elementor-element-418e97d elementor-widget elementor-widget-image\" data-id=\"418e97d\" data-element_type=\"widget\" data-e-type=\"widget\" data-widget_type=\"image.default\">\n\t\t\t\t<div class=\"elementor-widget-container\">\n\t\t\t\t\t\t\t\t\t\t\t\t\t\t\t\t<a href=\"https:\/\/dumbyart.com\/en\/\">\n\t\t\t\t\t\t\t<img decoding=\"async\" width=\"300\" height=\"181\" data-src=\"https:\/\/dumbyart.com\/wp-content\/uploads\/2024\/08\/dumbyart-logo-300x181.png\" class=\"attachment-medium size-medium wp-image-9533 lazyload\" alt=\"\" data-srcset=\"https:\/\/dumbyart.com\/wp-content\/uploads\/2024\/08\/dumbyart-logo-300x181.png 300w, https:\/\/dumbyart.com\/wp-content\/uploads\/2024\/08\/dumbyart-logo-500x302.png 500w, https:\/\/dumbyart.com\/wp-content\/uploads\/2024\/08\/dumbyart-logo-746x453.png 746w, https:\/\/dumbyart.com\/wp-content\/uploads\/2024\/08\/dumbyart-logo.png 750w\" data-sizes=\"(max-width: 300px) 100vw, 300px\" src=\"data:image\/svg+xml;base64,PHN2ZyB3aWR0aD0iMSIgaGVpZ2h0PSIxIiB4bWxucz0iaHR0cDovL3d3dy53My5vcmcvMjAwMC9zdmciPjwvc3ZnPg==\" style=\"--smush-placeholder-width: 300px; --smush-placeholder-aspect-ratio: 300\/181;\" \/>\t\t\t\t\t\t\t\t<\/a>\n\t\t\t\t\t\t\t\t\t\t\t\t\t\t\t<\/div>\n\t\t\t\t<\/div>\n\t\t\t\t\t<\/div>\n\t\t\t\t<\/div>\n\t\t\t\t<\/div>","protected":false},"excerpt":{"rendered":"<p>Qui sommes-nous ? Chez DUMBYART, nous croyons que la cr\u00e9ation est bien plus qu\u2019une simple expression : c\u2019est une mani\u00e8re de voir le monde autrement, avec humour, amour et une bonne dose de libert\u00e9. Derri\u00e8re ce projet, il y a deux passionn\u00e9s, anim\u00e9s par l\u2019envie de partager une vision artistique unique et d\u00e9cal\u00e9e. Chaque design, [&hellip;]<\/p>\n","protected":false},"author":1,"featured_media":0,"parent":0,"menu_order":0,"comment_status":"closed","ping_status":"closed","template":"","meta":{"footnotes":""},"class_list":["post-8097","page","type-page","status-publish","hentry"],"_links":{"self":[{"href":"https:\/\/dumbyart.com\/en\/wp-json\/wp\/v2\/pages\/8097","targetHints":{"allow":["GET"]}}],"collection":[{"href":"https:\/\/dumbyart.com\/en\/wp-json\/wp\/v2\/pages"}],"about":[{"href":"https:\/\/dumbyart.com\/en\/wp-json\/wp\/v2\/types\/page"}],"author":[{"embeddable":true,"href":"https:\/\/dumbyart.com\/en\/wp-json\/wp\/v2\/users\/1"}],"replies":[{"embeddable":true,"href":"https:\/\/dumbyart.com\/en\/wp-json\/wp\/v2\/comments?post=8097"}],"version-history":[{"count":59,"href":"https:\/\/dumbyart.com\/en\/wp-json\/wp\/v2\/pages\/8097\/revisions"}],"predecessor-version":[{"id":10568,"href":"https:\/\/dumbyart.com\/en\/wp-json\/wp\/v2\/pages\/8097\/revisions\/10568"}],"wp:attachment":[{"href":"https:\/\/dumbyart.com\/en\/wp-json\/wp\/v2\/media?parent=8097"}],"curies":[{"name":"wp","href":"https:\/\/api.w.org\/{rel}","templated":true}]}}