{"id":197,"date":"2016-03-21T08:50:43","date_gmt":"2016-03-21T08:50:43","guid":{"rendered":"http:\/\/dumbyart.com\/?page_id=197"},"modified":"2025-02-21T07:36:28","modified_gmt":"2025-02-21T06:36:28","slug":"contact","status":"publish","type":"page","link":"https:\/\/dumbyart.com\/en\/contact\/","title":{"rendered":"Contact"},"content":{"rendered":"<div class=\"vc_row wpb_row vc_row-fluid\"><div class=\"wpb_column vc_column_container vc_col-sm-12\"><div class=\"vc_column-inner\"><div class=\"wpb_wrapper\"><h2 style=\"font-size: 70px;line-height: normal;text-align: center;font-family:Josefin Sans;font-weight:100;font-style:normal\" class=\"vc_custom_heading vc_custom_1465191027321\" >Contact<\/h2>\n\t<div class=\"wpb_text_column wpb_content_element  wpb_animate_when_almost_visible wpb_fadeInLeft fadeInLeft vc_custom_1740119775478 vc-sub-title\" >\n\t\t<div class=\"wpb_wrapper\">\n\t\t\t<p><img decoding=\"async\" class=\"size-medium wp-image-9289 aligncenter lazyload\" data-src=\"https:\/\/dumbyart.com\/wp-content\/uploads\/2024\/08\/DB-signature-yellow-contact-300x78.png\" alt=\"\" width=\"300\" height=\"78\" data-srcset=\"https:\/\/dumbyart.com\/wp-content\/uploads\/2024\/08\/DB-signature-yellow-contact-300x78.png 300w, https:\/\/dumbyart.com\/wp-content\/uploads\/2024\/08\/DB-signature-yellow-contact-500x129.png 500w, https:\/\/dumbyart.com\/wp-content\/uploads\/2024\/08\/DB-signature-yellow-contact-768x199.png 768w, https:\/\/dumbyart.com\/wp-content\/uploads\/2024\/08\/DB-signature-yellow-contact.png 886w\" data-sizes=\"(max-width: 300px) 100vw, 300px\" src=\"data:image\/svg+xml;base64,PHN2ZyB3aWR0aD0iMSIgaGVpZ2h0PSIxIiB4bWxucz0iaHR0cDovL3d3dy53My5vcmcvMjAwMC9zdmciPjwvc3ZnPg==\" style=\"--smush-placeholder-width: 300px; --smush-placeholder-aspect-ratio: 300\/78;\" \/><\/p>\n<p><span style=\"color: #d3933c;\"><span style=\"color: #ffd810;\">POUR TOUT RENSEIGNEMENT, N&rsquo;H\u00c9SITEZ PAS \u00c0 NOUS CONTACTER PAR MAIL, NOUS VOUS R\u00c9PONDRONS VITE.<\/span><\/span><!--more--><\/p>\n\n\t\t<\/div>\n\t<\/div>\n<div class=\"vc_empty_space\"   style=\"height: 30px\"><span class=\"vc_empty_space_inner\"><\/span><\/div><\/div><\/div><\/div><\/div><div class=\"vc_row wpb_row vc_row-fluid vc-contact-section vc_row-o-equal-height vc_row-o-content-middle vc_row-flex\"><div class=\"vc-contact-info-container vc-bg-blur wpb_column vc_column_container vc_col-sm-6\"><div class=\"vc_column-inner\"><div class=\"wpb_wrapper\"><h3 style=\"font-size: 26px;color: #ffd810;line-height: 30px;text-align: left\" class=\"vc_custom_heading vc_custom_1722611842159\" >CONTACT<\/h3><div class='dt-sc-contact-info type4'><span class='fa fa-map-marker'> <\/span>DUMBYART &#8211; FRANCE<\/div><div class='dt-sc-contact-info type4'><span class='fa fa-envelope'> <\/span><span style=\"color: #ffd810;\"><a style=\"color: #ffd810;\" href=\"mailto:contact@dumbyart.com\">contact@dumbyart.com<\/a><\/span><\/div><div class='dt-sc-contact-info type4'><span class='fa fa-globe'> <\/span><span style=\"color: #ffd810;\"><a style=\"color: #ffd810;\" href=\"https:\/\/dumbyart.com\/en\/\">https:\/\/dumbyart.com<\/a><\/span><\/div><ul class='dt-sc-sociable vc-about-social-icons'><li> <a class='fa fa-facebook' target='_blank' title='Facebook' href='https:\/\/www.facebook.com\/profile.php?id=6157675520072088766\/'> <\/a> <\/li><li> <a class='fa fa-instagram' target='_blank' title='Instagram' href='https:\/\/www.instagram.com\/dumby_art\/'> <\/a> <\/li><li> <a class='fa fa-pinterest' target='_blank' title='Pinterest' href='https:\/\/pin.it\/RJoYGqu5M'> <\/a> <\/li><\/ul><\/div><\/div><\/div><\/div><div data-vc-full-width=\"true\" data-vc-full-width-init=\"false\" class=\"vc_row wpb_row vc_row-fluid\"><div class=\"vc-contact-form wpb_column vc_column_container vc_col-sm-9\"><div class=\"vc_column-inner\"><div class=\"wpb_wrapper\"><h3 style=\"font-size: 26px;line-height: 30px;text-align: left\" class=\"vc_custom_heading vc_custom_1465191042466\" >Get In Touch<\/h3>\n<div class=\"wpcf7 no-js\" id=\"wpcf7-f4-o1\" lang=\"en-US\" dir=\"ltr\" data-wpcf7-id=\"4\">\n<div class=\"screen-reader-response\"><p role=\"status\" aria-live=\"polite\" aria-atomic=\"true\"><\/p> <ul><\/ul><\/div>\n<form action=\"\/en\/wp-json\/wp\/v2\/pages\/197#wpcf7-f4-o1\" method=\"post\" class=\"wpcf7-form init\" aria-label=\"Contact form\" novalidate=\"novalidate\" data-status=\"init\" data-trp-original-action=\"\/en\/wp-json\/wp\/v2\/pages\/197#wpcf7-f4-o1\">\n<fieldset class=\"hidden-fields-container\"><input type=\"hidden\" name=\"_wpcf7\" value=\"4\" \/><input type=\"hidden\" name=\"_wpcf7_version\" value=\"6.1.5\" \/><input type=\"hidden\" name=\"_wpcf7_locale\" value=\"en_US\" \/><input type=\"hidden\" name=\"_wpcf7_unit_tag\" value=\"wpcf7-f4-o1\" \/><input type=\"hidden\" name=\"_wpcf7_container_post\" value=\"0\" \/><input type=\"hidden\" name=\"_wpcf7_posted_data_hash\" value=\"\" \/>\n<\/fieldset>\n<div class=\"wpb_column vc_column_container vc_col-sm-6\"><div class=\"vc_column-inner\"><div class=\"wpb_wrapper\"><span class=\"wpcf7-form-control-wrap\" data-name=\"your-name\"><input size=\"40\" maxlength=\"400\" class=\"wpcf7-form-control wpcf7-text wpcf7-validates-as-required\" aria-required=\"true\" aria-invalid=\"false\" placeholder=\"Nom*\" value=\"\" type=\"text\" name=\"your-name\" \/><\/span><\/div><\/div><\/div><div class=\"wpb_column vc_column_container vc_col-sm-6\"><div class=\"vc_column-inner\"><div class=\"wpb_wrapper\"><span class=\"wpcf7-form-control-wrap\" data-name=\"your-email\"><input size=\"40\" maxlength=\"400\" class=\"wpcf7-form-control wpcf7-email wpcf7-validates-as-required wpcf7-text wpcf7-validates-as-email\" aria-required=\"true\" aria-invalid=\"false\" placeholder=\"Email*\" value=\"\" type=\"email\" name=\"your-email\" \/><\/span><\/div><\/div><\/div><div class=\"wpb_column vc_column_container vc_col-sm-12\"><div class=\"vc_column-inner\"><div class=\"wpb_wrapper\"><div class=\"vc_empty_space\"   style=\"height: 20px\"><span class=\"vc_empty_space_inner\"><\/span><\/div><\/div><\/div><\/div><div class=\"wpb_column vc_column_container vc_col-sm-12\"><div class=\"vc_column-inner\"><div class=\"wpb_wrapper\"><span class=\"wpcf7-form-control-wrap\" data-name=\"your-message\"><textarea cols=\"40\" rows=\"10\" maxlength=\"2000\" class=\"wpcf7-form-control wpcf7-textarea wpcf7-validates-as-required\" aria-required=\"true\" aria-invalid=\"false\" placeholder=\"Message*\" name=\"your-message\"><\/textarea><\/span><\/div><\/div><\/div><div class=\"wpb_column vc_column_container vc_col-sm-12\"><div class=\"vc_column-inner\"><div class=\"wpb_wrapper\"><div class=\"vc_empty_space\"   style=\"height: 20px\"><span class=\"vc_empty_space_inner\"><\/span><\/div><\/div><\/div><\/div><div class=\"wpb_column vc_column_container vc_col-sm-12\"><div class=\"vc_column-inner\"><div class=\"wpb_wrapper\"><input class=\"wpcf7-form-control wpcf7-submit has-spinner\" type=\"submit\" value=\"Envoyer\" \/><\/div><\/div><\/div><div class=\"wpcf7-response-output\" aria-hidden=\"true\"><\/div>\n<input type=\"hidden\" name=\"trp-form-language\" value=\"en\"\/><\/form>\n<\/div>\n<\/div><\/div><\/div><\/div><div class=\"vc_row-full-width vc_clearfix\"><\/div><div class=\"vc_row wpb_row vc_row-fluid\"><div class=\"wpb_column vc_column_container vc_col-sm-12\"><div class=\"vc_column-inner\"><div class=\"wpb_wrapper\"><div class=\"vc_empty_space\"   style=\"height: 10px\"><span class=\"vc_empty_space_inner\"><\/span><\/div><\/div><\/div><\/div><\/div><div class=\"vc_row wpb_row vc_row-fluid\"><div class=\"wpb_column vc_column_container vc_col-sm-12\"><div class=\"vc_column-inner\"><div class=\"wpb_wrapper\"><div class=\"vc_empty_space\"   style=\"height: 20px\"><span class=\"vc_empty_space_inner\"><\/span><\/div><\/div><\/div><\/div><\/div><div  style='display: none;' data-vc-full-width=\"true\" data-vc-full-width-init=\"false\" class=\"vc_row wpb_row vc_row-fluid dt-sc-newsletter-section vc_custom_1653673537042\"><div class=\"wpb_column vc_column_container vc_col-sm-12\"><div class=\"vc_column-inner\"><div class=\"wpb_wrapper\"><h3 style=\"font-size: 26px;line-height: 30px;text-align: left\" class=\"vc_custom_heading vc_custom_1465191057808\" >Newsletter<\/h3><div class='dt-sc-newsletter-section type1'><div class=\"newsletter-text\"><p><i class=\"fa fa-envelope-o\"><\/i>Feel free to place your Mail_ID and Subscribe to our Newsletter here. So that, you can receive our exiting Updates and Offers with no wait!<\/p><\/div><form class=\"dt-sc-subscribe-frm\" action=\"#\" method=\"post\" data-trp-original-action=\"#\"><input type='email' name='dt_mc_emailid' id='dt_mc_emailid' required placeholder='Email'><input type='hidden' name='dt_mc_apikey' id='dt_mc_apikey' value='' \/><input type='hidden' name='dt_mc_listid' id='dt_mc_listid' value='' \/><input type='submit' name='mc_submit' value='Subscribe'><input type=\"hidden\" name=\"trp-form-language\" value=\"en\"\/><\/form><div class=\"dt_ajax_subscribe_msg\"><\/div><\/div><\/div><\/div><\/div><\/div><div class=\"vc_row-full-width vc_clearfix\"><\/div>","protected":false},"excerpt":{"rendered":"<p>POUR TOUT RENSEIGNEMENT, N&rsquo;H\u00c9SITEZ PAS \u00c0 NOUS CONTACTER PAR MAIL, NOUS VOUS R\u00c9PONDRONS VITE.<\/p>","protected":false},"author":1,"featured_media":0,"parent":0,"menu_order":0,"comment_status":"closed","ping_status":"closed","template":"","meta":{"footnotes":""},"class_list":["post-197","page","type-page","status-publish","hentry"],"_links":{"self":[{"href":"https:\/\/dumbyart.com\/en\/wp-json\/wp\/v2\/pages\/197","targetHints":{"allow":["GET"]}}],"collection":[{"href":"https:\/\/dumbyart.com\/en\/wp-json\/wp\/v2\/pages"}],"about":[{"href":"https:\/\/dumbyart.com\/en\/wp-json\/wp\/v2\/types\/page"}],"author":[{"embeddable":true,"href":"https:\/\/dumbyart.com\/en\/wp-json\/wp\/v2\/users\/1"}],"replies":[{"embeddable":true,"href":"https:\/\/dumbyart.com\/en\/wp-json\/wp\/v2\/comments?post=197"}],"version-history":[{"count":44,"href":"https:\/\/dumbyart.com\/en\/wp-json\/wp\/v2\/pages\/197\/revisions"}],"predecessor-version":[{"id":10509,"href":"https:\/\/dumbyart.com\/en\/wp-json\/wp\/v2\/pages\/197\/revisions\/10509"}],"wp:attachment":[{"href":"https:\/\/dumbyart.com\/en\/wp-json\/wp\/v2\/media?parent=197"}],"curies":[{"name":"wp","href":"https:\/\/api.w.org\/{rel}","templated":true}]}}