{"id":10352,"date":"2025-02-19T17:20:22","date_gmt":"2025-02-19T16:20:22","guid":{"rendered":"https:\/\/dumbyart.com\/?page_id=10352"},"modified":"2026-02-28T10:33:13","modified_gmt":"2026-02-28T09:33:13","slug":"mentions-legales","status":"publish","type":"page","link":"https:\/\/dumbyart.com\/en\/mentions-legales\/","title":{"rendered":"Mentions l\u00e9gales"},"content":{"rendered":"<div data-elementor-type=\"wp-page\" data-elementor-id=\"10352\" class=\"elementor elementor-10352\">\n\t\t\t\t<div class=\"elementor-element elementor-element-5d71e34b e-flex e-con-boxed e-con e-parent\" data-id=\"5d71e34b\" data-element_type=\"container\" data-e-type=\"container\">\n\t\t\t\t\t<div class=\"e-con-inner\">\n\t\t\t\t<div class=\"elementor-element elementor-element-96a8031 elementor-widget elementor-widget-image\" data-id=\"96a8031\" data-element_type=\"widget\" data-e-type=\"widget\" data-widget_type=\"image.default\">\n\t\t\t\t<div class=\"elementor-widget-container\">\n\t\t\t\t\t\t\t\t\t\t\t\t\t\t\t<img fetchpriority=\"high\" decoding=\"async\" width=\"1024\" height=\"386\" src=\"https:\/\/dumbyart.com\/wp-content\/uploads\/2025\/02\/MENTION-LEGALE-DUMBYART-1-1024x386.jpg\" class=\"attachment-large size-large wp-image-10476\" alt=\"\" srcset=\"https:\/\/dumbyart.com\/wp-content\/uploads\/2025\/02\/MENTION-LEGALE-DUMBYART-1-1024x386.jpg 1024w, https:\/\/dumbyart.com\/wp-content\/uploads\/2025\/02\/MENTION-LEGALE-DUMBYART-1-300x113.jpg 300w, https:\/\/dumbyart.com\/wp-content\/uploads\/2025\/02\/MENTION-LEGALE-DUMBYART-1-768x290.jpg 768w, https:\/\/dumbyart.com\/wp-content\/uploads\/2025\/02\/MENTION-LEGALE-DUMBYART-1-500x189.jpg 500w, https:\/\/dumbyart.com\/wp-content\/uploads\/2025\/02\/MENTION-LEGALE-DUMBYART-1.jpg 1368w\" sizes=\"(max-width: 1024px) 100vw, 1024px\" \/>\t\t\t\t\t\t\t\t\t\t\t\t\t\t\t<\/div>\n\t\t\t\t<\/div>\n\t\t\t\t<div class=\"elementor-element elementor-element-34737aa8 elementor-widget elementor-widget-text-editor\" data-id=\"34737aa8\" data-element_type=\"widget\" data-e-type=\"widget\" data-widget_type=\"text-editor.default\">\n\t\t\t\t<div class=\"elementor-widget-container\">\n\t\t\t\t\t\t\t\t\t\n<h3><span style=\"color: #ffd300;\">LEGAL NOTICE<\/span><\/h3>\n\n<p><span style=\"color: #ffd300;\"><strong>1. Site Editor<\/strong><\/span><\/p>\n<p>The DUMBYART.COM website is published by POULPY, a limited liability company registered with the Montpellier Trade and Companies Register.<br \/>\u2022 Company name: POULPY<br \/>\u2022 Registered office: 24 rue Colin, 34000 Montpellier, France<br \/>\u2022 SIRET : 484 343 512 R.C.S Montpellier<br \/>\u2022 Intra-community VAT: Ongoing<br \/>\u2022 Email : contact@dumbyart.com.<\/p>\n<p><br \/><span style=\"color: #ffd300;\"><strong>2. Director of publication<\/strong><\/span><\/p>\n<p>The director of publication of the DUMBYART.COM site is Mrs. Rozenn LE PAPE, in her capacity as legal representative of the company POULPY.<\/p>\n<p><br \/><span style=\"color: #ffd300;\"><strong>3. Hosting of the site<\/strong><\/span><\/p>\n<p>The DUMBYART.COM site is hosted by:<br \/>\u2022 Name of the host: Gericos<br \/>\u2022 Address: 40 rue de Crosne, 95420 MAGNY-EN-VEXIN<br \/>\u2022 T\u00e9l\u00e9phone : 06.30.28.98.38<br \/>\u2022 Website: https:\/\/www.gericos.com\/<\/p>\n<p>\u00a0<\/p>\n<p><span style=\"color: #ffd300;\"><strong>4. Intellectual property<\/strong><\/span><\/p>\n<p>All content on the DUMBYART.COM site (texts, images, graphics, logos, videos, etc.) is protected by the laws in force on intellectual property. Any reproduction, representation, modification or exploitation of this content without the prior authorisation of POULPY is strictly prohibited.<\/p>\n<p><br \/><span style=\"color: #ffd300;\"><strong>5. Protection of personal data<\/strong><\/span><\/p>\n<p>In accordance with the General Data Protection Regulation (GDPR), the information collected via the DUMBYART.COM website is processed with respect for the privacy of users.<br \/>You have the right to access, rectify and delete data concerning you by contacting: contact@dumbyart.com.<\/p>\n<p><br \/><span style=\"color: #ffd300;\"><strong>6. Liability<\/strong><\/span><\/p>\n<p>POULPY makes every effort to ensure that the information published on the DUMBYART.COM website is accurate and up-to-date, but cannot guarantee that there will be no errors or omissions. The company cannot be held liable for any direct or indirect damage resulting from the use of the site.<\/p>\n<p><br \/><span style=\"color: #ffd300;\"><strong>7. Applicable law<\/strong><\/span><\/p>\n<p>This legal notice is subject to French law. In the event of a dispute, the competent courts will be those of the registered office of the POULPY company.<\/p>\n\t\t\t\t\t\t\t\t<\/div>\n\t\t\t\t<\/div>\n\t\t\t\t\t<\/div>\n\t\t\t\t<\/div>\n\t\t\t\t<\/div>","protected":false},"excerpt":{"rendered":"<p>MENTIONS LEGALES 1. \u00c9diteur du site Le site DUMBYART.COM est \u00e9dit\u00e9 par la soci\u00e9t\u00e9 POULPY, soci\u00e9t\u00e9 \u00e0 responsabilit\u00e9 limit\u00e9e immatricul\u00e9e au Registre du Commerce et des Soci\u00e9t\u00e9s de Montpellier.\u2022 D\u00e9nomination sociale : POULPY\u2022 Si\u00e8ge social : 24 rue Colin, 34000 Montpellier, France\u2022 SIRET : 484 343 512 R.C.S Montpellier\u2022 TVA intracommunautaire : En cours\u2022 Email [&hellip;]<\/p>\n","protected":false},"author":1,"featured_media":0,"parent":0,"menu_order":0,"comment_status":"closed","ping_status":"closed","template":"","meta":{"footnotes":""},"class_list":["post-10352","page","type-page","status-publish","hentry"],"_links":{"self":[{"href":"https:\/\/dumbyart.com\/en\/wp-json\/wp\/v2\/pages\/10352","targetHints":{"allow":["GET"]}}],"collection":[{"href":"https:\/\/dumbyart.com\/en\/wp-json\/wp\/v2\/pages"}],"about":[{"href":"https:\/\/dumbyart.com\/en\/wp-json\/wp\/v2\/types\/page"}],"author":[{"embeddable":true,"href":"https:\/\/dumbyart.com\/en\/wp-json\/wp\/v2\/users\/1"}],"replies":[{"embeddable":true,"href":"https:\/\/dumbyart.com\/en\/wp-json\/wp\/v2\/comments?post=10352"}],"version-history":[{"count":25,"href":"https:\/\/dumbyart.com\/en\/wp-json\/wp\/v2\/pages\/10352\/revisions"}],"predecessor-version":[{"id":11410,"href":"https:\/\/dumbyart.com\/en\/wp-json\/wp\/v2\/pages\/10352\/revisions\/11410"}],"wp:attachment":[{"href":"https:\/\/dumbyart.com\/en\/wp-json\/wp\/v2\/media?parent=10352"}],"curies":[{"name":"wp","href":"https:\/\/api.w.org\/{rel}","templated":true}]}}